{"id":1324,"date":"2019-02-26T17:09:42","date_gmt":"2019-02-26T16:09:42","guid":{"rendered":"http:\/\/www.friulbox.it\/?page_id=1324"},"modified":"2019-05-27T10:32:49","modified_gmt":"2019-05-27T08:32:49","slug":"il-favoloso-mondo-delle-bottiglie","status":"publish","type":"page","link":"https:\/\/www.friulbox.it\/it\/il-favoloso-mondo-delle-bottiglie\/","title":{"rendered":"Il Favoloso Mondo delle Bottiglie"},"content":{"rendered":"<div class=\"wpb-content-wrapper\"><p>[vc_row padding_bottom_multiplier=&#8221;&#8221;][vc_column]<div class=\"grve-empty-space grve-height-6x\" style=\"\"><\/div><h1 class=\"grve-element grve-title grve-align-left grve-h1\" style=\"\"><span>Il Favoloso Mondo delle Bottiglie<\/span><\/h1><h4 class=\"grve-element grve-title grve-align-left grve-h4\" style=\"margin-bottom: 0px;\"><span>Libiamo ne\u2019 lieti calici.<\/span><\/h4><div class=\"grve-empty-space grve-height-2x\" style=\"\"><\/div>[\/vc_column][\/vc_row][vc_row bg_type=&#8221;image&#8221; bg_image=&#8221;1347&#8243; bg_image_type=&#8221;parallax&#8221; parallax_threshold=&#8221;0.5&#8243; padding_top_multiplier=&#8221;6x&#8221; padding_bottom_multiplier=&#8221;6x&#8221;][vc_column]<div class=\"grve-empty-space grve-height-6x\" style=\"\"><\/div><div class=\"grve-empty-space grve-height-6x\" style=\"\"><\/div>[\/vc_column][\/vc_row][vc_row padding_top_multiplier=&#8221;4x&#8221; padding_bottom_multiplier=&#8221;4x&#8221;][vc_column width=&#8221;1\/2&#8243;][vc_column_text text_style=&#8221;leader-text&#8221; animation=&#8221;grve-fade-in-up&#8221;]Sono <strong>quindici<\/strong> le <strong>tipologie di bottiglie<\/strong> oggi diffuse sul mercato internazionale, che si distinguono per capienza, misura e nome.<br \/>\nIn comune, il materiale per eccellenza di cui si compongono, il <strong>vetro<\/strong>, diffusosi per questo scopo a partire dalla seconda met\u00e0 del XVIII secolo, che presenta uno <strong>spessore diverso<\/strong> a seconda della tipologia di vino contenuto. Ad esempio, una bottiglia che contiene un vino frizzante sar\u00e0 di uno spessore maggiore rispetto a quella proposta per un vino fermo, per motivi di pressione.[\/vc_column_text]<div class=\"grve-empty-space grve-height-1x\" style=\"\"><\/div>[vc_column_text text_style=&#8221;leader-text&#8221; animation=&#8221;grve-fade-in-up&#8221; animation_delay=&#8221;500&#8243; animation_duration=&#8221;very-slow&#8221;]Se la bottiglia pi\u00f9 diffusa \u00e8 la cosiddetta <strong>bordolese da 0,750 litri<\/strong>, quella migliore, in quanto permette un <strong>superiore affinamento<\/strong> del vino, \u00e8 invece la <strong>Magnum<\/strong>, che presenta una capacit\u00e0 doppia (<strong>1,5 litri<\/strong>) e una minore quantit\u00e0 di ossigeno a contatto con una maggiore quantit\u00e0 di vino, questo perch\u00e9 il collo \u00e8 dello stesso diametro di una bottiglia standard.[\/vc_column_text][\/vc_column][vc_column width=&#8221;1\/2&#8243; css=&#8221;.vc_custom_1548925195998{background-position: center !important;background-repeat: no-repeat !important;background-size: cover !important;}&#8221;][vc_column_text animation=&#8221;grve-fade-in-up&#8221; animation_delay=&#8221;1000&#8243; animation_duration=&#8221;very-slow&#8221;]<\/p>\n<blockquote><p>Una minor superficie di contatto del vino con l\u2019ossigeno e una minore quantit\u00e0 di vino a contatto con il vetro rendono quindi la Magnum la bottiglia ottimale per la degustazione del contenuto.<\/p><\/blockquote>\n<p>[\/vc_column_text]<div class=\"grve-empty-space grve-height-1x\" style=\"\"><\/div>[vc_column_text text_style=&#8221;leader-text&#8221; animation=&#8221;grve-fade-in-up&#8221; animation_delay=&#8221;1500&#8243; animation_duration=&#8221;very-slow&#8221;]Ne consegue che le bottiglie pi\u00f9 capienti permettono una migliore conservazione e una evoluzione pi\u00f9 stabile e diretta del vino, in quanto il liquido raggiunge la maturit\u00e0 in maniera pi\u00f9 lenta, oltre a resistere agli sbalzi di temperatura e agli effetti negativi dell\u2019esposizione alla luce.<\/p>\n<p>Lo sanno bene i <strong>sommelier<\/strong> e gli intenditori, che <strong>confermano le migliori caratteristiche<\/strong> organolettiche <strong>del vino<\/strong> contenute <strong>nelle bottiglie pi\u00f9 grandi<\/strong>, che si stappano nelle pi\u00f9 importanti degustazioni.[\/vc_column_text][\/vc_column][\/vc_row][vc_row heading_color=&#8221;light&#8221; bg_type=&#8221;color&#8221; padding_top_multiplier=&#8221;4x&#8221; padding_bottom_multiplier=&#8221;4x&#8221; section_id=&#8221;managements&#8221; bg_color=&#8221;#161616&#8243;][vc_column]<h3 class=\"grve-element grve-title grve-align-left grve-animated-item grve-duration-very-slow grve-fade-in grve-h3\" style=\"\" data-delay=\"200\"><span>Qui di seguito si riportano tutti i formati esistenti, procedendo dalla bottiglia pi\u00f9 piccola a quella pi\u00f9 capiente, con una specifica dei nomi.<\/span><\/h3>[\/vc_column][vc_column]<div class=\"grve-empty-space grve-height-2x\" style=\"\"><\/div>[\/vc_column][vc_column width=&#8221;1\/2&#8243; font_color=&#8221;#ffffff&#8221;][vc_column_text text_style=&#8221;leader-text&#8221; animation=&#8221;grve-fade-in-up&#8221; animation_delay=&#8221;500&#8243; animation_duration=&#8221;very-slow&#8221;]<strong>Demi<\/strong>: mezza bottiglia, con capacit\u00e0 di 0,375 litri. Riempie 3 calici.<br \/>\n<strong>\u2028Bottiglia<\/strong>: formato classico, il pi\u00f9 comune, capienza 0,75 litri. Riempie 6 calici.<br \/>\n<strong>\u2028Magnum<\/strong>: doppia bottiglia, molto diffusa, con capacit\u00e0 di 1,5 litri. Riempie 12 calici.<br \/>\n<strong>\u2028Jeroboam<\/strong> (Doppia Magnum): il nome \u00e8 quello del Re fondatore del Regno di Israele. Capienza 3 litri (4 bottiglie, 24 calici). La bottiglia \u00e8 utilizzata per i festeggiamenti sul podio dopo le gare automobilistiche.<br \/>\n<strong>\u2028R\u00e9hoboam<\/strong>: prende il nome dal primo re della Giudea (Roboamo), capienza di 4,5 litri (6 bottiglie, 36 calici).<br \/>\n<strong>\u2028Mathusalem<\/strong>: il nome \u00e8 dell\u2019uomo pi\u00f9 longevo citato nella Genesi (Antico Testamento), il patriarca Matusalemme (3073-2104 a.C.), capienza 6 litri (8 bottiglie, 48 calici), peso 10 kg.<br \/>\n<strong>\u2028Salmanazar<\/strong>: il nome di un Re Assiro grande edificatore, con capacit\u00e0 di 9 litri (12 bottiglie, 72 calici).[\/vc_column_text][\/vc_column][vc_column width=&#8221;1\/2&#8243; font_color=&#8221;#ffffff&#8221;][vc_column_text text_style=&#8221;leader-text&#8221; animation=&#8221;grve-fade-in-up&#8221; animation_delay=&#8221;1000&#8243; animation_duration=&#8221;very-slow&#8221;]<strong>\u2028Balthazar<\/strong>: il nome di uno dei Re Magi o l\u2019ultimo re di Babilonia, noto per le sue feste sontuose, capacit\u00e0 12 litri (16 bottiglie, 96 calici).<br \/>\n<strong>\u2028Nabuchodonosor<\/strong>: il nome dell\u2019antico Re di Babilonia, capienza di 15 litri (20 bottiglie, 120 calici), a lui \u00e8 dedicata anche un\u2019opera di Verdi, il Nabucco.<br \/>\n<strong>\u2028Melchior<\/strong>: il nome di uno dei Re Magi, capacit\u00e0 18 litri (24 bottiglie, 144 calici).<br \/>\n<strong>\u2028Solomon<\/strong>: Il nome del Re di Israele, capacit\u00e0 20 litri (26,66 bottiglie, 160 calici).<br \/>\n<strong>Sovereign<\/strong>: Sovrano, capacit\u00e0 25 litri (33,33 bottiglie, 200 calici).<br \/>\n<strong>\u2028Primato<\/strong> o <strong>Goliaht<\/strong>: il nome, biblico, \u00e8 quello del gigante ucciso da Davide. Capienza 27 litri (36 bottiglie, 216 calici).<br \/>\n<strong>\u2028Mechiz\u00e9dec<\/strong>: il nome deriva da una misteriosa figura biblica, re o sommo sacerdote, si tratta della pi\u00f9 grande bottiglia esistente, con capienza 30 litri (40 bottiglie, 240 calici).[\/vc_column_text][\/vc_column][\/vc_row]<\/p>\n<\/div>","protected":false},"excerpt":{"rendered":"<p>[vc_row padding_bottom_multiplier=&#8221;&#8221;][vc_column][\/vc_column][\/vc_row][vc_row bg_type=&#8221;image&#8221; bg_image=&#8221;1347&#8243; bg_image_type=&#8221;parallax&#8221; parallax_threshold=&#8221;0.5&#8243; padding_top_multiplier=&#8221;6x&#8221; padding_bottom_multiplier=&#8221;6x&#8221;][vc_column][\/vc_column][\/vc_row][vc_row padding_top_multiplier=&#8221;4x&#8221; padding_bottom_multiplier=&#8221;4x&#8221;][vc_column width=&#8221;1\/2&#8243;][vc_column_text text_style=&#8221;leader-text&#8221; animation=&#8221;grve-fade-in-up&#8221;]Sono quindici le tipologie di bottiglie oggi diffuse sul mercato internazionale, che si distinguono per capienza, misura e nome. In comune, il materiale per eccellenza di cui si compongono, il vetro, diffusosi per questo scopo a partire dalla seconda met\u00e0 del XVIII secolo, [&hellip;]<\/p>\n","protected":false},"author":1,"featured_media":0,"parent":0,"menu_order":7,"comment_status":"closed","ping_status":"closed","template":"","meta":{"footnotes":""},"class_list":["post-1324","page","type-page","status-publish","hentry"],"yoast_head":"<!-- This site is optimized with the Yoast SEO plugin v24.6 - https:\/\/yoast.com\/wordpress\/plugins\/seo\/ -->\n<title>Il Favoloso Mondo delle Bottiglie - Friulbox<\/title>\n<meta name=\"robots\" content=\"index, follow, max-snippet:-1, max-image-preview:large, max-video-preview:-1\" \/>\n<link rel=\"canonical\" href=\"https:\/\/www.friulbox.it\/it\/il-favoloso-mondo-delle-bottiglie\/\" \/>\n<meta property=\"og:locale\" content=\"it_IT\" \/>\n<meta property=\"og:type\" content=\"article\" \/>\n<meta property=\"og:title\" content=\"Il Favoloso Mondo delle Bottiglie - Friulbox\" \/>\n<meta property=\"og:description\" content=\"[vc_row padding_bottom_multiplier=&#8221;&#8221;][vc_column][\/vc_column][\/vc_row][vc_row bg_type=&#8221;image&#8221; bg_image=&#8221;1347&#8243; bg_image_type=&#8221;parallax&#8221; parallax_threshold=&#8221;0.5&#8243; padding_top_multiplier=&#8221;6x&#8221; padding_bottom_multiplier=&#8221;6x&#8221;][vc_column][\/vc_column][\/vc_row][vc_row padding_top_multiplier=&#8221;4x&#8221; padding_bottom_multiplier=&#8221;4x&#8221;][vc_column width=&#8221;1\/2&#8243;][vc_column_text text_style=&#8221;leader-text&#8221; animation=&#8221;grve-fade-in-up&#8221;]Sono quindici le tipologie di bottiglie oggi diffuse sul mercato internazionale, che si distinguono per capienza, misura e nome. In comune, il materiale per eccellenza di cui si compongono, il vetro, diffusosi per questo scopo a partire dalla seconda met\u00e0 del XVIII secolo, [&hellip;]\" \/>\n<meta property=\"og:url\" content=\"https:\/\/www.friulbox.it\/it\/il-favoloso-mondo-delle-bottiglie\/\" \/>\n<meta property=\"og:site_name\" content=\"Friulbox\" \/>\n<meta property=\"article:publisher\" content=\"https:\/\/www.facebook.com\/friulbox\" \/>\n<meta property=\"article:modified_time\" content=\"2019-05-27T08:32:49+00:00\" \/>\n<meta name=\"twitter:card\" content=\"summary_large_image\" \/>\n<meta name=\"twitter:label1\" content=\"Tempo di lettura stimato\" \/>\n\t<meta name=\"twitter:data1\" content=\"4 minuti\" \/>\n<script type=\"application\/ld+json\" class=\"yoast-schema-graph\">{\"@context\":\"https:\/\/schema.org\",\"@graph\":[{\"@type\":\"WebPage\",\"@id\":\"https:\/\/www.friulbox.it\/it\/il-favoloso-mondo-delle-bottiglie\/\",\"url\":\"https:\/\/www.friulbox.it\/it\/il-favoloso-mondo-delle-bottiglie\/\",\"name\":\"Il Favoloso Mondo delle Bottiglie - Friulbox\",\"isPartOf\":{\"@id\":\"https:\/\/www.friulbox.it\/it\/#website\"},\"datePublished\":\"2019-02-26T16:09:42+00:00\",\"dateModified\":\"2019-05-27T08:32:49+00:00\",\"breadcrumb\":{\"@id\":\"https:\/\/www.friulbox.it\/it\/il-favoloso-mondo-delle-bottiglie\/#breadcrumb\"},\"inLanguage\":\"it-IT\",\"potentialAction\":[{\"@type\":\"ReadAction\",\"target\":[\"https:\/\/www.friulbox.it\/it\/il-favoloso-mondo-delle-bottiglie\/\"]}]},{\"@type\":\"BreadcrumbList\",\"@id\":\"https:\/\/www.friulbox.it\/it\/il-favoloso-mondo-delle-bottiglie\/#breadcrumb\",\"itemListElement\":[{\"@type\":\"ListItem\",\"position\":1,\"name\":\"Home\",\"item\":\"https:\/\/www.friulbox.it\/it\/\"},{\"@type\":\"ListItem\",\"position\":2,\"name\":\"Il Favoloso Mondo delle Bottiglie\"}]},{\"@type\":\"WebSite\",\"@id\":\"https:\/\/www.friulbox.it\/it\/#website\",\"url\":\"https:\/\/www.friulbox.it\/it\/\",\"name\":\"Friulbox\",\"description\":\"Confezioni di Emozioni.\",\"publisher\":{\"@id\":\"https:\/\/www.friulbox.it\/it\/#organization\"},\"potentialAction\":[{\"@type\":\"SearchAction\",\"target\":{\"@type\":\"EntryPoint\",\"urlTemplate\":\"https:\/\/www.friulbox.it\/it\/?s={search_term_string}\"},\"query-input\":{\"@type\":\"PropertyValueSpecification\",\"valueRequired\":true,\"valueName\":\"search_term_string\"}}],\"inLanguage\":\"it-IT\"},{\"@type\":\"Organization\",\"@id\":\"https:\/\/www.friulbox.it\/it\/#organization\",\"name\":\"Friulbox\",\"url\":\"https:\/\/www.friulbox.it\/it\/\",\"logo\":{\"@type\":\"ImageObject\",\"inLanguage\":\"it-IT\",\"@id\":\"https:\/\/www.friulbox.it\/it\/#\/schema\/logo\/image\/\",\"url\":\"https:\/\/www.friulbox.it\/wp-content\/uploads\/2018\/09\/Marchio-Friulbox.png\",\"contentUrl\":\"https:\/\/www.friulbox.it\/wp-content\/uploads\/2018\/09\/Marchio-Friulbox.png\",\"width\":501,\"height\":100,\"caption\":\"Friulbox\"},\"image\":{\"@id\":\"https:\/\/www.friulbox.it\/it\/#\/schema\/logo\/image\/\"},\"sameAs\":[\"https:\/\/www.facebook.com\/friulbox\"]}]}<\/script>\n<!-- \/ Yoast SEO plugin. -->","yoast_head_json":{"title":"Il Favoloso Mondo delle Bottiglie - Friulbox","robots":{"index":"index","follow":"follow","max-snippet":"max-snippet:-1","max-image-preview":"max-image-preview:large","max-video-preview":"max-video-preview:-1"},"canonical":"https:\/\/www.friulbox.it\/it\/il-favoloso-mondo-delle-bottiglie\/","og_locale":"it_IT","og_type":"article","og_title":"Il Favoloso Mondo delle Bottiglie - Friulbox","og_description":"[vc_row padding_bottom_multiplier=&#8221;&#8221;][vc_column][\/vc_column][\/vc_row][vc_row bg_type=&#8221;image&#8221; bg_image=&#8221;1347&#8243; bg_image_type=&#8221;parallax&#8221; parallax_threshold=&#8221;0.5&#8243; padding_top_multiplier=&#8221;6x&#8221; padding_bottom_multiplier=&#8221;6x&#8221;][vc_column][\/vc_column][\/vc_row][vc_row padding_top_multiplier=&#8221;4x&#8221; padding_bottom_multiplier=&#8221;4x&#8221;][vc_column width=&#8221;1\/2&#8243;][vc_column_text text_style=&#8221;leader-text&#8221; animation=&#8221;grve-fade-in-up&#8221;]Sono quindici le tipologie di bottiglie oggi diffuse sul mercato internazionale, che si distinguono per capienza, misura e nome. In comune, il materiale per eccellenza di cui si compongono, il vetro, diffusosi per questo scopo a partire dalla seconda met\u00e0 del XVIII secolo, [&hellip;]","og_url":"https:\/\/www.friulbox.it\/it\/il-favoloso-mondo-delle-bottiglie\/","og_site_name":"Friulbox","article_publisher":"https:\/\/www.facebook.com\/friulbox","article_modified_time":"2019-05-27T08:32:49+00:00","twitter_card":"summary_large_image","twitter_misc":{"Tempo di lettura stimato":"4 minuti"},"schema":{"@context":"https:\/\/schema.org","@graph":[{"@type":"WebPage","@id":"https:\/\/www.friulbox.it\/it\/il-favoloso-mondo-delle-bottiglie\/","url":"https:\/\/www.friulbox.it\/it\/il-favoloso-mondo-delle-bottiglie\/","name":"Il Favoloso Mondo delle Bottiglie - Friulbox","isPartOf":{"@id":"https:\/\/www.friulbox.it\/it\/#website"},"datePublished":"2019-02-26T16:09:42+00:00","dateModified":"2019-05-27T08:32:49+00:00","breadcrumb":{"@id":"https:\/\/www.friulbox.it\/it\/il-favoloso-mondo-delle-bottiglie\/#breadcrumb"},"inLanguage":"it-IT","potentialAction":[{"@type":"ReadAction","target":["https:\/\/www.friulbox.it\/it\/il-favoloso-mondo-delle-bottiglie\/"]}]},{"@type":"BreadcrumbList","@id":"https:\/\/www.friulbox.it\/it\/il-favoloso-mondo-delle-bottiglie\/#breadcrumb","itemListElement":[{"@type":"ListItem","position":1,"name":"Home","item":"https:\/\/www.friulbox.it\/it\/"},{"@type":"ListItem","position":2,"name":"Il Favoloso Mondo delle Bottiglie"}]},{"@type":"WebSite","@id":"https:\/\/www.friulbox.it\/it\/#website","url":"https:\/\/www.friulbox.it\/it\/","name":"Friulbox","description":"Confezioni di Emozioni.","publisher":{"@id":"https:\/\/www.friulbox.it\/it\/#organization"},"potentialAction":[{"@type":"SearchAction","target":{"@type":"EntryPoint","urlTemplate":"https:\/\/www.friulbox.it\/it\/?s={search_term_string}"},"query-input":{"@type":"PropertyValueSpecification","valueRequired":true,"valueName":"search_term_string"}}],"inLanguage":"it-IT"},{"@type":"Organization","@id":"https:\/\/www.friulbox.it\/it\/#organization","name":"Friulbox","url":"https:\/\/www.friulbox.it\/it\/","logo":{"@type":"ImageObject","inLanguage":"it-IT","@id":"https:\/\/www.friulbox.it\/it\/#\/schema\/logo\/image\/","url":"https:\/\/www.friulbox.it\/wp-content\/uploads\/2018\/09\/Marchio-Friulbox.png","contentUrl":"https:\/\/www.friulbox.it\/wp-content\/uploads\/2018\/09\/Marchio-Friulbox.png","width":501,"height":100,"caption":"Friulbox"},"image":{"@id":"https:\/\/www.friulbox.it\/it\/#\/schema\/logo\/image\/"},"sameAs":["https:\/\/www.facebook.com\/friulbox"]}]}},"_links":{"self":[{"href":"https:\/\/www.friulbox.it\/it\/wp-json\/wp\/v2\/pages\/1324","targetHints":{"allow":["GET"]}}],"collection":[{"href":"https:\/\/www.friulbox.it\/it\/wp-json\/wp\/v2\/pages"}],"about":[{"href":"https:\/\/www.friulbox.it\/it\/wp-json\/wp\/v2\/types\/page"}],"author":[{"embeddable":true,"href":"https:\/\/www.friulbox.it\/it\/wp-json\/wp\/v2\/users\/1"}],"replies":[{"embeddable":true,"href":"https:\/\/www.friulbox.it\/it\/wp-json\/wp\/v2\/comments?post=1324"}],"version-history":[{"count":0,"href":"https:\/\/www.friulbox.it\/it\/wp-json\/wp\/v2\/pages\/1324\/revisions"}],"wp:attachment":[{"href":"https:\/\/www.friulbox.it\/it\/wp-json\/wp\/v2\/media?parent=1324"}],"curies":[{"name":"wp","href":"https:\/\/api.w.org\/{rel}","templated":true}]}}