{"id":64,"date":"2017-10-26T10:11:42","date_gmt":"2017-10-26T08:11:42","guid":{"rendered":"http:\/\/www.friulbox.it\/?page_id=64"},"modified":"2019-02-21T09:42:20","modified_gmt":"2019-02-21T08:42:20","slug":"prodotti","status":"publish","type":"page","link":"https:\/\/www.friulbox.it\/it\/prodotti\/","title":{"rendered":"Prodotti"},"content":{"rendered":"<div class=\"wpb-content-wrapper\"><p>[vc_row padding_bottom_multiplier=&#8221;&#8221;][vc_column]<div class=\"grve-empty-space grve-height-6x\" style=\"\"><\/div><h1 class=\"grve-element grve-title grve-align-left grve-h1\" style=\"\"><span>I Prodotti<\/span><\/h1><h4 class=\"grve-element grve-title grve-align-left grve-h4\" style=\"margin-bottom: 0px;\"><span>Contenitori per intenditori. Originali, unici e speciali.<\/span><\/h4><div class=\"grve-empty-space grve-height-2x\" style=\"\"><\/div>[\/vc_column][\/vc_row][vc_row bg_type=&#8221;image&#8221; bg_image=&#8221;995&#8243; bg_image_type=&#8221;parallax&#8221; parallax_threshold=&#8221;0.5&#8243; padding_top_multiplier=&#8221;6x&#8221; padding_bottom_multiplier=&#8221;6x&#8221;][vc_column]<div class=\"grve-empty-space grve-height-6x\" style=\"\"><\/div><div class=\"grve-empty-space grve-height-6x\" style=\"\"><\/div>[\/vc_column][\/vc_row][vc_row padding_top_multiplier=&#8221;4x&#8221; padding_bottom_multiplier=&#8221;4x&#8221;][vc_column width=&#8221;1\/2&#8243;]<h2 class=\"grve-element grve-title grve-align-left grve-animated-item grve-duration-normal grve-fade-in grve-h2\" style=\"\" data-delay=\"200\"><span>Confezioni<br \/>\ndi Emozioni<\/span><\/h2>[\/vc_column][vc_column width=&#8221;1\/2&#8243; css=&#8221;.vc_custom_1548925195998{background-position: center !important;background-repeat: no-repeat !important;background-size: cover !important;}&#8221;][vc_column_text text_style=&#8221;leader-text&#8221; animation=&#8221;grve-fade-in-up&#8221;]In un mondo sempre pi\u00f9 impersonale e virtuale, le cassette e confezioni in legno Friulbox contengono emozioni e valori importanti.[\/vc_column_text]<div class=\"grve-empty-space grve-height-1x\" style=\"\"><\/div>[vc_column_text animation=&#8221;grve-fade-in-up&#8221; animation_delay=&#8221;500&#8243; animation_duration=&#8221;very-slow&#8221;]<\/p>\n<blockquote><p>La sorpresa di ritrovare sensazioni senza tempo in realizzazioni<\/p><\/blockquote>\n<p>[\/vc_column_text]<div class=\"grve-empty-space grve-height-1x\" style=\"\"><\/div>[vc_column_text text_style=&#8221;leader-text&#8221; animation=&#8221;grve-fade-in-up&#8221; animation_delay=&#8221;1000&#8243; animation_duration=&#8221;very-slow&#8221;]che racchiudono passione per il proprio lavoro e amore per il legno, la qualit\u00e0 e la cura del lavoro artigianale unita all&#8217;attenzione delle esigenze dei propri clienti. Perch\u00e8 nascono da anni ed anni di esperienza, vengono costruite con il cuore e sono destinate a chi condivide questa filosofia.[\/vc_column_text][\/vc_column][\/vc_row][vc_row heading_color=&#8221;light&#8221; bg_type=&#8221;color&#8221; padding_top_multiplier=&#8221;4x&#8221; padding_bottom_multiplier=&#8221;4x&#8221; section_id=&#8221;managements&#8221; bg_color=&#8221;#161616&#8243;][vc_column]<h2 class=\"grve-element grve-title grve-align-left grve-animated-item grve-duration-normal grve-fade-in grve-h2\" style=\"\" data-delay=\"200\"><span>Friulbox per te: forti di un&#8217;idea.<\/span><\/h2>[\/vc_column][vc_column]<div class=\"grve-empty-space grve-height-2x\" style=\"\"><\/div>[\/vc_column][vc_column width=&#8221;1\/2&#8243;]<div class=\"grve-element grve-image grve-animated-item grve-duration-very-slow grve-fade-in-up grve-align-center grve-full-image grve-image-space-100\" style=\"\" data-delay=\"500\">  <div class=\"grve-image-wrapper\"><img loading=\"lazy\" decoding=\"async\" width=\"1024\" height=\"1024\" src=\"https:\/\/www.friulbox.it\/wp-content\/uploads\/2019\/02\/Angolo-brevettato-Friulbox-1024x1024.jpg\" class=\"attachment-large size-large\" alt=\"\" srcset=\"https:\/\/www.friulbox.it\/wp-content\/uploads\/2019\/02\/Angolo-brevettato-Friulbox-1024x1024.jpg 1024w, https:\/\/www.friulbox.it\/wp-content\/uploads\/2019\/02\/Angolo-brevettato-Friulbox-150x150.jpg 150w, https:\/\/www.friulbox.it\/wp-content\/uploads\/2019\/02\/Angolo-brevettato-Friulbox-300x300.jpg 300w, https:\/\/www.friulbox.it\/wp-content\/uploads\/2019\/02\/Angolo-brevettato-Friulbox-768x768.jpg 768w, https:\/\/www.friulbox.it\/wp-content\/uploads\/2019\/02\/Angolo-brevettato-Friulbox-560x560.jpg 560w, https:\/\/www.friulbox.it\/wp-content\/uploads\/2019\/02\/Angolo-brevettato-Friulbox-900x900.jpg 900w, https:\/\/www.friulbox.it\/wp-content\/uploads\/2019\/02\/Angolo-brevettato-Friulbox.jpg 1920w\" sizes=\"auto, (max-width: 1024px) 100vw, 1024px\" \/>   <\/div><\/div>[\/vc_column][vc_column width=&#8221;1\/2&#8243; font_color=&#8221;#a8a8a8&#8243;]<div class=\"grve-empty-space grve-height-1x\" style=\"\"><\/div><h3 class=\"grve-element grve-title grve-align-left grve-animated-item grve-duration-very-slow grve-fade-in-up grve-h3\" style=\"\" data-delay=\"200\"><span>Oggi vogliamo svelarti un segreto: il segreto della forza del marchio Friulbox.<\/span><\/h3><div class=\"grve-empty-space grve-height-1x\" style=\"\"><\/div>[vc_column_text text_style=&#8221;leader-text&#8221; animation=&#8221;grve-fade-in-up&#8221; animation_duration=&#8221;very-slow&#8221;]Friulbox si nutre del prestigio dovuto alla realizzazione di un\u2019idea, un\u2019idea che ci ha resi unici: il brevetto dell\u2019inserto ad angolo nelle nostre cassette in legno.[\/vc_column_text]<div class=\"grve-empty-space grve-height-1x\" style=\"\"><\/div>[vc_column_text animation=&#8221;grve-fade-in-up&#8221; animation_delay=&#8221;500&#8243; animation_duration=&#8221;very-slow&#8221;]<\/p>\n<blockquote><p>Friulbox realizza infatti un prodotto unico nel suo genere, nato dall\u2019intuizione di Daniele De Sabbata, maestro artigiano nella lavorazione del legno.<\/p><\/blockquote>\n<p>[\/vc_column_text]<div class=\"grve-empty-space grve-height-1x\" style=\"\"><\/div>[vc_column_text text_style=&#8221;leader-text&#8221; animation=&#8221;grve-fade-in-up&#8221; animation_delay=&#8221;1000&#8243; animation_duration=&#8221;very-slow&#8221;]Per questo siamo i soli a poter riprodurre questa particolare lavorazione, che rende il nostro prodotto pi\u00f9 resistente alle sollecitazioni esterne, compatto ed al contempo pi\u00f9 maneggevole ed elegante.[\/vc_column_text][\/vc_column][vc_column font_color=&#8221;#a8a8a8&#8243;]<div class=\"grve-empty-space grve-height-2x\" style=\"\"><\/div>[vc_column_text animation=&#8221;grve-fade-in-up&#8221; animation_delay=&#8221;1000&#8243; animation_duration=&#8221;very-slow&#8221;]<strong>Il riconoscimento di un valore divenuto un brevetto vincente \u00e8 dovuto alla dedizione, alla sperimentazione ed alla passione per il lavoro in un mercato che oggi ci vuole protagonisti emergenti.<\/strong><\/p>\n<p><strong>Ti invitiamo pertanto a segnalarci eventuali contraffazioni da parte di terzi, perch\u00e9 la nostra idea \u00e8 nata soltanto per te, e perch\u00e9 ogni tentativo di emulazione resta un\u2019evidente ammissione di non originalit\u00e0 e scredita in primis chi se ne appropria abusivamente.<\/strong>[\/vc_column_text][\/vc_column][\/vc_row][vc_row bg_type=&#8221;color&#8221; padding_top_multiplier=&#8221;3x&#8221; padding_bottom_multiplier=&#8221;3x&#8221; bg_color=&#8221;#e7a848&#8243;][vc_column]<h2 class=\"grve-element grve-title grve-align-left grve-animated-item grve-duration-normal grve-fade-in-up grve-h2\" style=\"\" data-delay=\"200\"><span>BREVETTO INDUSTRIALE UD 2006 A 000167<\/span><\/h2><h4 class=\"grve-element grve-title grve-align-left grve-animated-item grve-duration-normal grve-fade-in-up grve-h4\" style=\"\" data-delay=\"200\"><span><strong>SISTEMA DI ASSEMBLAGGIO CON ANGOLO DI GIUNZIONE ARROTONDATO, ESCLUSIVO E TUTELATO A NORMA DI LEGGE.<\/strong><\/span><\/h4>[\/vc_column][\/vc_row]<\/p>\n<\/div>","protected":false},"excerpt":{"rendered":"<p>[vc_row padding_bottom_multiplier=&#8221;&#8221;][vc_column][\/vc_column][\/vc_row][vc_row bg_type=&#8221;image&#8221; bg_image=&#8221;995&#8243; bg_image_type=&#8221;parallax&#8221; parallax_threshold=&#8221;0.5&#8243; padding_top_multiplier=&#8221;6x&#8221; padding_bottom_multiplier=&#8221;6x&#8221;][vc_column][\/vc_column][\/vc_row][vc_row padding_top_multiplier=&#8221;4x&#8221; padding_bottom_multiplier=&#8221;4x&#8221;][vc_column width=&#8221;1\/2&#8243;][\/vc_column][vc_column width=&#8221;1\/2&#8243; css=&#8221;.vc_custom_1548925195998{background-position: center !important;background-repeat: no-repeat !important;background-size: cover !important;}&#8221;][vc_column_text text_style=&#8221;leader-text&#8221; animation=&#8221;grve-fade-in-up&#8221;]In un mondo sempre pi\u00f9 impersonale e virtuale, le cassette e confezioni in legno Friulbox contengono emozioni e valori importanti.[\/vc_column_text][vc_column_text animation=&#8221;grve-fade-in-up&#8221; animation_delay=&#8221;500&#8243; animation_duration=&#8221;very-slow&#8221;] La sorpresa di ritrovare sensazioni senza tempo in realizzazioni [\/vc_column_text][vc_column_text text_style=&#8221;leader-text&#8221; animation=&#8221;grve-fade-in-up&#8221; [&hellip;]<\/p>\n","protected":false},"author":1,"featured_media":0,"parent":0,"menu_order":3,"comment_status":"closed","ping_status":"closed","template":"","meta":{"footnotes":""},"class_list":["post-64","page","type-page","status-publish","hentry"],"yoast_head":"<!-- This site is optimized with the Yoast SEO plugin v24.6 - https:\/\/yoast.com\/wordpress\/plugins\/seo\/ -->\n<title>Prodotti - Friulbox<\/title>\n<meta name=\"robots\" content=\"index, follow, max-snippet:-1, max-image-preview:large, max-video-preview:-1\" \/>\n<link rel=\"canonical\" href=\"https:\/\/www.friulbox.it\/it\/prodotti\/\" \/>\n<meta property=\"og:locale\" content=\"it_IT\" \/>\n<meta property=\"og:type\" content=\"article\" \/>\n<meta property=\"og:title\" content=\"Prodotti - Friulbox\" \/>\n<meta property=\"og:description\" content=\"[vc_row padding_bottom_multiplier=&#8221;&#8221;][vc_column][\/vc_column][\/vc_row][vc_row bg_type=&#8221;image&#8221; bg_image=&#8221;995&#8243; bg_image_type=&#8221;parallax&#8221; parallax_threshold=&#8221;0.5&#8243; padding_top_multiplier=&#8221;6x&#8221; padding_bottom_multiplier=&#8221;6x&#8221;][vc_column][\/vc_column][\/vc_row][vc_row padding_top_multiplier=&#8221;4x&#8221; padding_bottom_multiplier=&#8221;4x&#8221;][vc_column width=&#8221;1\/2&#8243;][\/vc_column][vc_column width=&#8221;1\/2&#8243; css=&#8221;.vc_custom_1548925195998{background-position: center !important;background-repeat: no-repeat !important;background-size: cover !important;}&#8221;][vc_column_text text_style=&#8221;leader-text&#8221; animation=&#8221;grve-fade-in-up&#8221;]In un mondo sempre pi\u00f9 impersonale e virtuale, le cassette e confezioni in legno Friulbox contengono emozioni e valori importanti.[\/vc_column_text][vc_column_text animation=&#8221;grve-fade-in-up&#8221; animation_delay=&#8221;500&#8243; animation_duration=&#8221;very-slow&#8221;] La sorpresa di ritrovare sensazioni senza tempo in realizzazioni [\/vc_column_text][vc_column_text text_style=&#8221;leader-text&#8221; animation=&#8221;grve-fade-in-up&#8221; [&hellip;]\" \/>\n<meta property=\"og:url\" content=\"https:\/\/www.friulbox.it\/it\/prodotti\/\" \/>\n<meta property=\"og:site_name\" content=\"Friulbox\" \/>\n<meta property=\"article:publisher\" content=\"https:\/\/www.facebook.com\/friulbox\" \/>\n<meta property=\"article:modified_time\" content=\"2019-02-21T08:42:20+00:00\" \/>\n<meta name=\"twitter:card\" content=\"summary_large_image\" \/>\n<meta name=\"twitter:label1\" content=\"Tempo di lettura stimato\" \/>\n\t<meta name=\"twitter:data1\" content=\"3 minuti\" \/>\n<script type=\"application\/ld+json\" class=\"yoast-schema-graph\">{\"@context\":\"https:\/\/schema.org\",\"@graph\":[{\"@type\":\"WebPage\",\"@id\":\"https:\/\/www.friulbox.it\/it\/prodotti\/\",\"url\":\"https:\/\/www.friulbox.it\/it\/prodotti\/\",\"name\":\"Prodotti - Friulbox\",\"isPartOf\":{\"@id\":\"https:\/\/www.friulbox.it\/it\/#website\"},\"datePublished\":\"2017-10-26T08:11:42+00:00\",\"dateModified\":\"2019-02-21T08:42:20+00:00\",\"breadcrumb\":{\"@id\":\"https:\/\/www.friulbox.it\/it\/prodotti\/#breadcrumb\"},\"inLanguage\":\"it-IT\",\"potentialAction\":[{\"@type\":\"ReadAction\",\"target\":[\"https:\/\/www.friulbox.it\/it\/prodotti\/\"]}]},{\"@type\":\"BreadcrumbList\",\"@id\":\"https:\/\/www.friulbox.it\/it\/prodotti\/#breadcrumb\",\"itemListElement\":[{\"@type\":\"ListItem\",\"position\":1,\"name\":\"Home\",\"item\":\"https:\/\/www.friulbox.it\/it\/\"},{\"@type\":\"ListItem\",\"position\":2,\"name\":\"Prodotti\"}]},{\"@type\":\"WebSite\",\"@id\":\"https:\/\/www.friulbox.it\/it\/#website\",\"url\":\"https:\/\/www.friulbox.it\/it\/\",\"name\":\"Friulbox\",\"description\":\"Confezioni di Emozioni.\",\"publisher\":{\"@id\":\"https:\/\/www.friulbox.it\/it\/#organization\"},\"potentialAction\":[{\"@type\":\"SearchAction\",\"target\":{\"@type\":\"EntryPoint\",\"urlTemplate\":\"https:\/\/www.friulbox.it\/it\/?s={search_term_string}\"},\"query-input\":{\"@type\":\"PropertyValueSpecification\",\"valueRequired\":true,\"valueName\":\"search_term_string\"}}],\"inLanguage\":\"it-IT\"},{\"@type\":\"Organization\",\"@id\":\"https:\/\/www.friulbox.it\/it\/#organization\",\"name\":\"Friulbox\",\"url\":\"https:\/\/www.friulbox.it\/it\/\",\"logo\":{\"@type\":\"ImageObject\",\"inLanguage\":\"it-IT\",\"@id\":\"https:\/\/www.friulbox.it\/it\/#\/schema\/logo\/image\/\",\"url\":\"https:\/\/www.friulbox.it\/wp-content\/uploads\/2018\/09\/Marchio-Friulbox.png\",\"contentUrl\":\"https:\/\/www.friulbox.it\/wp-content\/uploads\/2018\/09\/Marchio-Friulbox.png\",\"width\":501,\"height\":100,\"caption\":\"Friulbox\"},\"image\":{\"@id\":\"https:\/\/www.friulbox.it\/it\/#\/schema\/logo\/image\/\"},\"sameAs\":[\"https:\/\/www.facebook.com\/friulbox\"]}]}<\/script>\n<!-- \/ Yoast SEO plugin. -->","yoast_head_json":{"title":"Prodotti - Friulbox","robots":{"index":"index","follow":"follow","max-snippet":"max-snippet:-1","max-image-preview":"max-image-preview:large","max-video-preview":"max-video-preview:-1"},"canonical":"https:\/\/www.friulbox.it\/it\/prodotti\/","og_locale":"it_IT","og_type":"article","og_title":"Prodotti - Friulbox","og_description":"[vc_row padding_bottom_multiplier=&#8221;&#8221;][vc_column][\/vc_column][\/vc_row][vc_row bg_type=&#8221;image&#8221; bg_image=&#8221;995&#8243; bg_image_type=&#8221;parallax&#8221; parallax_threshold=&#8221;0.5&#8243; padding_top_multiplier=&#8221;6x&#8221; padding_bottom_multiplier=&#8221;6x&#8221;][vc_column][\/vc_column][\/vc_row][vc_row padding_top_multiplier=&#8221;4x&#8221; padding_bottom_multiplier=&#8221;4x&#8221;][vc_column width=&#8221;1\/2&#8243;][\/vc_column][vc_column width=&#8221;1\/2&#8243; css=&#8221;.vc_custom_1548925195998{background-position: center !important;background-repeat: no-repeat !important;background-size: cover !important;}&#8221;][vc_column_text text_style=&#8221;leader-text&#8221; animation=&#8221;grve-fade-in-up&#8221;]In un mondo sempre pi\u00f9 impersonale e virtuale, le cassette e confezioni in legno Friulbox contengono emozioni e valori importanti.[\/vc_column_text][vc_column_text animation=&#8221;grve-fade-in-up&#8221; animation_delay=&#8221;500&#8243; animation_duration=&#8221;very-slow&#8221;] La sorpresa di ritrovare sensazioni senza tempo in realizzazioni [\/vc_column_text][vc_column_text text_style=&#8221;leader-text&#8221; animation=&#8221;grve-fade-in-up&#8221; [&hellip;]","og_url":"https:\/\/www.friulbox.it\/it\/prodotti\/","og_site_name":"Friulbox","article_publisher":"https:\/\/www.facebook.com\/friulbox","article_modified_time":"2019-02-21T08:42:20+00:00","twitter_card":"summary_large_image","twitter_misc":{"Tempo di lettura stimato":"3 minuti"},"schema":{"@context":"https:\/\/schema.org","@graph":[{"@type":"WebPage","@id":"https:\/\/www.friulbox.it\/it\/prodotti\/","url":"https:\/\/www.friulbox.it\/it\/prodotti\/","name":"Prodotti - Friulbox","isPartOf":{"@id":"https:\/\/www.friulbox.it\/it\/#website"},"datePublished":"2017-10-26T08:11:42+00:00","dateModified":"2019-02-21T08:42:20+00:00","breadcrumb":{"@id":"https:\/\/www.friulbox.it\/it\/prodotti\/#breadcrumb"},"inLanguage":"it-IT","potentialAction":[{"@type":"ReadAction","target":["https:\/\/www.friulbox.it\/it\/prodotti\/"]}]},{"@type":"BreadcrumbList","@id":"https:\/\/www.friulbox.it\/it\/prodotti\/#breadcrumb","itemListElement":[{"@type":"ListItem","position":1,"name":"Home","item":"https:\/\/www.friulbox.it\/it\/"},{"@type":"ListItem","position":2,"name":"Prodotti"}]},{"@type":"WebSite","@id":"https:\/\/www.friulbox.it\/it\/#website","url":"https:\/\/www.friulbox.it\/it\/","name":"Friulbox","description":"Confezioni di Emozioni.","publisher":{"@id":"https:\/\/www.friulbox.it\/it\/#organization"},"potentialAction":[{"@type":"SearchAction","target":{"@type":"EntryPoint","urlTemplate":"https:\/\/www.friulbox.it\/it\/?s={search_term_string}"},"query-input":{"@type":"PropertyValueSpecification","valueRequired":true,"valueName":"search_term_string"}}],"inLanguage":"it-IT"},{"@type":"Organization","@id":"https:\/\/www.friulbox.it\/it\/#organization","name":"Friulbox","url":"https:\/\/www.friulbox.it\/it\/","logo":{"@type":"ImageObject","inLanguage":"it-IT","@id":"https:\/\/www.friulbox.it\/it\/#\/schema\/logo\/image\/","url":"https:\/\/www.friulbox.it\/wp-content\/uploads\/2018\/09\/Marchio-Friulbox.png","contentUrl":"https:\/\/www.friulbox.it\/wp-content\/uploads\/2018\/09\/Marchio-Friulbox.png","width":501,"height":100,"caption":"Friulbox"},"image":{"@id":"https:\/\/www.friulbox.it\/it\/#\/schema\/logo\/image\/"},"sameAs":["https:\/\/www.facebook.com\/friulbox"]}]}},"_links":{"self":[{"href":"https:\/\/www.friulbox.it\/it\/wp-json\/wp\/v2\/pages\/64","targetHints":{"allow":["GET"]}}],"collection":[{"href":"https:\/\/www.friulbox.it\/it\/wp-json\/wp\/v2\/pages"}],"about":[{"href":"https:\/\/www.friulbox.it\/it\/wp-json\/wp\/v2\/types\/page"}],"author":[{"embeddable":true,"href":"https:\/\/www.friulbox.it\/it\/wp-json\/wp\/v2\/users\/1"}],"replies":[{"embeddable":true,"href":"https:\/\/www.friulbox.it\/it\/wp-json\/wp\/v2\/comments?post=64"}],"version-history":[{"count":0,"href":"https:\/\/www.friulbox.it\/it\/wp-json\/wp\/v2\/pages\/64\/revisions"}],"wp:attachment":[{"href":"https:\/\/www.friulbox.it\/it\/wp-json\/wp\/v2\/media?parent=64"}],"curies":[{"name":"wp","href":"https:\/\/api.w.org\/{rel}","templated":true}]}}